{"id":59,"date":"2025-09-07T15:39:34","date_gmt":"2025-09-07T13:39:34","guid":{"rendered":"https:\/\/ib-kluenker.de\/?page_id=59"},"modified":"2025-09-07T20:40:58","modified_gmt":"2025-09-07T18:40:58","slug":"impressum","status":"publish","type":"page","link":"https:\/\/ib-kluenker.de\/?page_id=59","title":{"rendered":"Impressum"},"content":{"rendered":"\n<p><strong>Angaben gem\u00e4\u00df \u00a7 5 TMG:<\/strong><\/p>\n\n\n\n<p>Christian Kl\u00fcnker<br>Otto-Hahn-Allee 29a<br>50374 Erftstadt<\/p>\n\n\n\n<p><strong>Kontakt:<\/strong><\/p>\n\n\n\n<p>Telefon: 02235 \u2013 98 78 476<br>Telefax: 02235 \u2013 68 96 236<br>E-Mail: info(at)ib-kluenker.de<\/p>\n\n\n\n<p><strong>Verantwortlich f\u00fcr den Inhalt nach \u00a7 55 Abs. 2 RStV:<\/strong><\/p>\n\n\n\n<p>Christian Kl\u00fcnker<br>Otto-Hahn-Allee 29a<br>50374 Erftstadt<\/p>\n\n\n\n<p><strong>Berufsbezeichnung<\/strong><\/p>\n\n\n\n<p>Dip.-Ing. Christian Kl\u00fcnker<br>Beratender Ingenieur gem\u00e4\u00df Ingenieurkammer-Bau Nordrhein Westfalen<\/p>\n\n\n\n<p>Staatlich anerkannter Sachverst\u00e4ndiger f\u00fcr Schall- und W\u00e4rmeschutz<br>Anerkannt durch die Ingenieurkammer-Bau Nordrhein Westfalen<\/p>\n\n\n\n<p><strong>Aufsichtsbeh\u00f6rde<\/strong><\/p>\n\n\n\n<p>Ingenieurkammer \u2013 Bau NRW<br>Zollhof 2<br>40221 D\u00fcsseldorf<br>Tel. 0211\/130 67-0<\/p>\n\n\n\n<p><strong>Umsatzsteueridentifikationsnummer (\u00a7 27a UstG)<\/strong><\/p>\n\n\n\n<p>Ust-Ident.-Nr.: 56 541 307 890<\/p>\n\n\n\n<p><strong>Berufshaftpflichtversicherung<\/strong><\/p>\n\n\n\n<p>Haftpflichtversichert bei:<br>VHV Allgemeine Versicherung AG<br>\u00fcber<br>UNITA Versicherungsmakler GmbH<br>Ansprechpartner: Markus Romahn<br>Postfach 100 955<br>45409 M\u00fchlheim<br>Tel. 0208 \/ 7006-3757<br>R\u00e4umlicher Geltungsbereich der Versicherung Deutschland<\/p>\n\n\n\n<p><strong>Berufsrechtliche Regelungen<\/strong><\/p>\n\n\n\n<p>Ingenieurgesetz, Ingenieurkammergesetz, Berufsordnung, HOAI<\/p>\n\n\n\n<p>Die Gesetze finden Sie unter <a href=\"http:\/\/www.ikbaunrw.de\">www.ikbaunrw.de<\/a><\/p>\n\n\n\n<p><\/p>\n\n\n\n<p><strong>Haftung f\u00fcr Inhalte<\/strong><\/p>\n\n\n\n<p>Als Diensteanbieter sind wir gem\u00e4\u00df \u00a7 7 Abs.1 TMG f\u00fcr eigene Inhalte auf diesen Seiten nach den allgemeinen Gesetzen verantwortlich. Nach \u00a7\u00a7 8 bis 10 TMG sind wir als Diensteanbieter jedoch nicht verpflichtet, \u00fcbermittelte oder gespeicherte fremde Informationen zu \u00fcberwachen oder nach Umst\u00e4nden zu forschen, die auf eine rechtswidrige T\u00e4tigkeit hinweisen.<\/p>\n\n\n\n<p>Verpflichtungen zur Entfernung oder Sperrung der Nutzung von Informationen nach den allgemeinen Gesetzen bleiben hiervon unber\u00fchrt. Eine diesbez\u00fcgliche Haftung ist jedoch erst ab dem Zeitpunkt der Kenntnis einer konkreten Rechtsverletzung m\u00f6glich. Bei Bekanntwerden von entsprechenden Rechtsverletzungen werden wir diese Inhalte umgehend entfernen.<\/p>\n\n\n\n<p><strong>Haftung f\u00fcr Links<\/strong><\/p>\n\n\n\n<p>Unser Angebot enth\u00e4lt Links zu externen Websites Dritter, auf deren Inhalte wir keinen Einfluss haben. Deshalb k\u00f6nnen wir f\u00fcr diese fremden Inhalte auch keine Gew\u00e4hr \u00fcbernehmen. F\u00fcr die Inhalte der verlinkten Seiten ist stets der jeweilige Anbieter oder Betreiber der Seiten verantwortlich. Die verlinkten Seiten wurden zum Zeitpunkt der Verlinkung auf m\u00f6gliche Rechtsverst\u00f6\u00dfe \u00fcberpr\u00fcft. Rechtswidrige Inhalte waren zum Zeitpunkt der Verlinkung nicht erkennbar.<\/p>\n\n\n\n<p>Eine permanente inhaltliche Kontrolle der verlinkten Seiten ist jedoch ohne konkrete Anhaltspunkte einer Rechtsverletzung nicht zumutbar. Bei Bekanntwerden von Rechtsverletzungen werden wir derartige Links umgehend entfernen.<\/p>\n\n\n\n<p><strong>Urheberrecht<\/strong><\/p>\n\n\n\n<p>Die durch die Seitenbetreiber erstellten Inhalte und Werke auf diesen Seiten unterliegen dem deutschen Urheberrecht. Die Vervielf\u00e4ltigung, Bearbeitung, Verbreitung und jede Art der Verwertung au\u00dferhalb der Grenzen des Urheberrechtes bed\u00fcrfen der schriftlichen Zustimmung des jeweiligen Autors bzw. Erstellers. Downloads und Kopien dieser Seite sind nur f\u00fcr den privaten, nicht kommerziellen Gebrauch gestattet.<\/p>\n\n\n\n<p>Soweit die Inhalte auf dieser Seite nicht vom Betreiber erstellt wurden, werden die Urheberrechte Dritter beachtet. Insbesondere werden Inhalte Dritter als solche gekennzeichnet. Sollten Sie trotzdem auf eine Urheberrechtsverletzung aufmerksam werden, bitten wir um einen entsprechenden Hinweis. Bei Bekanntwerden von Rechtsverletzungen werden wir derartige Inhalte umgehend entfernen.<\/p>\n\n\n\n<p>Quelle: <a href=\"http:\/\/www.e-recht24.de\/impressum-generator.html\"><em>http:\/\/www.e-recht24.de<\/em><\/a><\/p>\n","protected":false},"excerpt":{"rendered":"<p>Angaben gem\u00e4\u00df \u00a7 5 TMG: Christian Kl\u00fcnkerOtto-Hahn-Allee 29a50374 Erftstadt Kontakt: Telefon: 02235 \u2013 98 78 476Telefax: 02235 \u2013 68 96 236E-Mail: info(at)ib-kluenker.de Verantwortlich f\u00fcr den Inhalt nach \u00a7 55 Abs. 2 RStV: Christian Kl\u00fcnkerOtto-Hahn-Allee 29a50374 Erftstadt Berufsbezeichnung Dip.-Ing. Christian Kl\u00fcnkerBeratender Ingenieur gem\u00e4\u00df Ingenieurkammer-Bau Nordrhein Westfalen Staatlich anerkannter Sachverst\u00e4ndiger f\u00fcr Schall- und W\u00e4rmeschutzAnerkannt durch die Ingenieurkammer-Bau &hellip; <\/p>\n<p class=\"link-more\"><a href=\"https:\/\/ib-kluenker.de\/?page_id=59\" class=\"more-link\"><span class=\"screen-reader-text\">\u201eImpressum\u201c<\/span> weiterlesen<\/a><\/p>\n","protected":false},"author":1,"featured_media":0,"parent":0,"menu_order":0,"comment_status":"closed","ping_status":"closed","template":"","meta":{"footnotes":""},"class_list":["post-59","page","type-page","status-publish","hentry"],"_links":{"self":[{"href":"https:\/\/ib-kluenker.de\/index.php?rest_route=\/wp\/v2\/pages\/59","targetHints":{"allow":["GET"]}}],"collection":[{"href":"https:\/\/ib-kluenker.de\/index.php?rest_route=\/wp\/v2\/pages"}],"about":[{"href":"https:\/\/ib-kluenker.de\/index.php?rest_route=\/wp\/v2\/types\/page"}],"author":[{"embeddable":true,"href":"https:\/\/ib-kluenker.de\/index.php?rest_route=\/wp\/v2\/users\/1"}],"replies":[{"embeddable":true,"href":"https:\/\/ib-kluenker.de\/index.php?rest_route=%2Fwp%2Fv2%2Fcomments&post=59"}],"version-history":[{"count":2,"href":"https:\/\/ib-kluenker.de\/index.php?rest_route=\/wp\/v2\/pages\/59\/revisions"}],"predecessor-version":[{"id":80,"href":"https:\/\/ib-kluenker.de\/index.php?rest_route=\/wp\/v2\/pages\/59\/revisions\/80"}],"wp:attachment":[{"href":"https:\/\/ib-kluenker.de\/index.php?rest_route=%2Fwp%2Fv2%2Fmedia&parent=59"}],"curies":[{"name":"wp","href":"https:\/\/api.w.org\/{rel}","templated":true}]}}