{"id":10,"date":"2025-09-07T14:46:28","date_gmt":"2025-09-07T12:46:28","guid":{"rendered":"https:\/\/ib-kluenker.de\/?page_id=10"},"modified":"2025-09-07T15:32:51","modified_gmt":"2025-09-07T13:32:51","slug":"startseite","status":"publish","type":"page","link":"https:\/\/ib-kluenker.de\/","title":{"rendered":"Startseite"},"content":{"rendered":"\n<p><strong>Ingenieurb\u00fcro f\u00fcr Baukonstruktion und Tragwerksplanung<\/strong><\/p>\n\n\n\n<p><em>Beratender Ingenieur IK BAU NRW<\/em><\/p>\n\n\n\n<p><em>Staatlich anerkannter Sachverst\u00e4ndiger f\u00fcr Schall- und W\u00e4rmeschutz<\/em><\/p>\n\n\n\n<p>30-j\u00e4hrige Erfahrung in der Aufstellung von statischen Berechnungen f\u00fcr den Stahl-, Holz- und Massivbau machen uns in der Tragwerksplanung zu einem kompetenten Partner.<\/p>\n\n\n\n<p>Flexibilit\u00e4t, konstruktives Geschick und Wirtschaftlichkeiten stehen bei uns im Vordergrund.<\/p>\n\n\n\n<p>Unterst\u00fctzt durch moderne Software und laufende Fortbildungen bieten wir optimale L\u00f6sungen.<\/p>\n\n\n\n<p>F\u00fcr weitere Informationen \/ Beratungen stehen wir Ihnen gerne zur Verf\u00fcgung.<\/p>\n\n\n\n<p>Informieren sie sich \u00fcber unser Leistungsangebote und erfolgreich abgeschlossene Projekte.<\/p>\n\n\n\n<p><strong>A) Tragwerksplanung<\/strong><\/p>\n\n\n\n<ul class=\"wp-block-list\">\n<li>Aufstellung statischen Berechnungen f\u00fcr den Stahl,- Holz- und Massivbau<\/li>\n\n\n\n<li>Konstruktions-, Schal- und Bewehrungspl\u00e4ne<\/li>\n\n\n\n<li>Erdbebennachweise nach DIN 4149,\u00a0 DIN EN 1998<\/li>\n\n\n\n<li>Objekt- und Bau\u00fcberwachung f\u00fcr den Rohbau<\/li>\n\n\n\n<li>Beweissicherungsverfahren<\/li>\n<\/ul>\n\n\n\n<p><strong>B) Bauphysik<\/strong><\/p>\n\n\n\n<ul class=\"wp-block-list\">\n<li>W\u00e4rmeschutznachweise nach EnEV f\u00fcr Wohngeb\u00e4ude<\/li>\n\n\n\n<li>Energetische Bilanzierung von Nicht-Wohngeb\u00e4uden nach EnEV und DIN 18599<\/li>\n\n\n\n<li>Nachweiserstellung f\u00fcr Schallschutz nach DIN 4109<\/li>\n\n\n\n<li>Konstruktiver Brandschutz \/ Nachweis der Feuerwiderstandsdauer<\/li>\n<\/ul>\n\n\n\n<p>Willkommen auf deiner Website! Das ist die Homepage, die die meisten deiner Besucher sehen werden, wenn sie deine Website zum ersten Mal aufrufen.<\/p>\n\n\n\n<p><\/p>\n","protected":false},"excerpt":{"rendered":"<p>Ingenieurb\u00fcro f\u00fcr Baukonstruktion und Tragwerksplanung Beratender Ingenieur IK BAU NRW Staatlich anerkannter Sachverst\u00e4ndiger f\u00fcr Schall- und W\u00e4rmeschutz 30-j\u00e4hrige Erfahrung in der Aufstellung von statischen Berechnungen f\u00fcr den Stahl-, Holz- und Massivbau machen uns in der Tragwerksplanung zu einem kompetenten Partner. Flexibilit\u00e4t, konstruktives Geschick und Wirtschaftlichkeiten stehen bei uns im Vordergrund. Unterst\u00fctzt durch moderne Software und &hellip; <\/p>\n<p class=\"link-more\"><a href=\"https:\/\/ib-kluenker.de\/\" class=\"more-link\"><span class=\"screen-reader-text\">\u201eStartseite\u201c<\/span> weiterlesen<\/a><\/p>\n","protected":false},"author":1,"featured_media":0,"parent":0,"menu_order":0,"comment_status":"closed","ping_status":"closed","template":"","meta":{"footnotes":""},"class_list":["post-10","page","type-page","status-publish","hentry"],"_links":{"self":[{"href":"https:\/\/ib-kluenker.de\/index.php?rest_route=\/wp\/v2\/pages\/10","targetHints":{"allow":["GET"]}}],"collection":[{"href":"https:\/\/ib-kluenker.de\/index.php?rest_route=\/wp\/v2\/pages"}],"about":[{"href":"https:\/\/ib-kluenker.de\/index.php?rest_route=\/wp\/v2\/types\/page"}],"author":[{"embeddable":true,"href":"https:\/\/ib-kluenker.de\/index.php?rest_route=\/wp\/v2\/users\/1"}],"replies":[{"embeddable":true,"href":"https:\/\/ib-kluenker.de\/index.php?rest_route=%2Fwp%2Fv2%2Fcomments&post=10"}],"version-history":[{"count":2,"href":"https:\/\/ib-kluenker.de\/index.php?rest_route=\/wp\/v2\/pages\/10\/revisions"}],"predecessor-version":[{"id":55,"href":"https:\/\/ib-kluenker.de\/index.php?rest_route=\/wp\/v2\/pages\/10\/revisions\/55"}],"wp:attachment":[{"href":"https:\/\/ib-kluenker.de\/index.php?rest_route=%2Fwp%2Fv2%2Fmedia&parent=10"}],"curies":[{"name":"wp","href":"https:\/\/api.w.org\/{rel}","templated":true}]}}